{"id":183,"date":"2018-09-28T17:14:11","date_gmt":"2018-09-28T15:14:11","guid":{"rendered":"http:\/\/pugl-pichler.at\/?page_id=183"},"modified":"2018-09-28T17:14:11","modified_gmt":"2018-09-28T15:14:11","slug":"datenschutzerklaerung","status":"publish","type":"page","link":"http:\/\/pugl-pichler.at\/?page_id=183","title":{"rendered":"Datenschutzerkl\u00e4rung"},"content":{"rendered":"<h2 class=\"adsimple-211074346\">Datenschutz<\/h2>\n<p>Wir haben diese Datenschutzerkl\u00e4rung (Fassung 28.09.2018-211074346) verfasst, um Ihnen gem\u00e4\u00df der Vorgaben der Datenschutz-Grundverordnung (EU) 2016\/679 und dem <a class=\"adsimple-211074346\" href=\"https:\/\/www.ris.bka.gv.at\/GeltendeFassung.wxe?Abfrage=Bundesnormen&amp;Gesetzesnummer=10001597&amp;tid=211074346\" target=\"_blank\" rel=\"noopener nofollow\">Datenschutzgesetz (DSG)<\/a> zu erkl\u00e4ren, welche Informationen wir sammeln, wie wir Daten verwenden und welche Entscheidungsm\u00f6glichkeiten Sie als Besucher dieser Webseite haben.<\/p>\n<p>Leider liegt es in der Natur der Sache, dass diese Erkl\u00e4rungen sehr technisch klingen, wir haben uns bei der Erstellung jedoch bem\u00fcht die wichtigsten Dinge so einfach und klar wie m\u00f6glich zu beschreiben.<\/p>\n<h2 class=\"adsimple-211074346\">Automatische Datenspeicherung<\/h2>\n<p>Wenn Sie heutzutage Webseiten besuchen, werden gewisse Informationen automatisch erstellt und gespeichert, so auch auf dieser Webseite.<\/p>\n<p>Wenn Sie unsere Webseite so wie jetzt gerade besuchen, speichert unser Webserver (Computer auf dem diese Webseite gespeichert ist) automatisch Daten wie<\/p>\n<ul class=\"adsimple-211074346\">\n<li class=\"adsimple-211074346\">die Adresse (URL) der aufgerufenen Webseite<\/li>\n<li class=\"adsimple-211074346\">Browser und Browserversion<\/li>\n<li class=\"adsimple-211074346\">das verwendete Betriebssystem<\/li>\n<li class=\"adsimple-211074346\">die Adresse (URL) der zuvor besuchten Seite (Referrer URL)<\/li>\n<li class=\"adsimple-211074346\">den Hostname und die IP-Adresse des Ger\u00e4ts von welchem aus zugegriffen wird<\/li>\n<li class=\"adsimple-211074346\">Datum und Uhrzeit<\/li>\n<\/ul>\n<p>in Dateien (Webserver-Logfiles).<\/p>\n<p>In der Regel werden Webserver-Logfiles zwei Wochen gespeichert und danach automatisch gel\u00f6scht. Wir geben diese Daten nicht weiter, k\u00f6nnen jedoch nicht ausschlie\u00dfen, dass diese Daten beim Vorliegen von rechtswidrigem Verhalten eingesehen werden.<br \/>\nDie Rechtsgrundlage besteht nach <a class=\"adsimple-211074346\" href=\"https:\/\/eur-lex.europa.eu\/legal-content\/DE\/TXT\/HTML\/?uri=CELEX:32016R0679&amp;from=DE&amp;tid=211074346\" target=\"_blank\" rel=\"noopener nofollow\">Artikel 6\u00a0 Absatz 1 f DSGVO<\/a> (Rechtm\u00e4\u00dfigkeit der Verarbeitung) darin, dass berechtigtes Interesse daran besteht, den fehlerfreien Betrieb dieser Webseite durch das Erfassen von Webserver-Logfiles zu erm\u00f6glichen.<\/p>\n<h2 class=\"adsimple-211074346\">Rechte laut Datenschutzgrundverordnung<\/h2>\n<p>Ihnen stehen laut den Bestimmungen der DSGVO und des \u00f6sterreichischen <a class=\"adsimple-211074346\" href=\"https:\/\/www.ris.bka.gv.at\/GeltendeFassung.wxe?Abfrage=Bundesnormen&amp;Gesetzesnummer=10001597&amp;tid=211074346\" target=\"_blank\" rel=\"noopener nofollow\">Datenschutzgesetzes (DSG)<\/a> grunds\u00e4tzlich die folgende Rechte zu:<\/p>\n<ul class=\"adsimple-211074346\">\n<li class=\"adsimple-211074346\">Recht auf Berichtung (Artikel 16 DSGVO)<\/li>\n<li class=\"adsimple-211074346\">Recht auf L\u00f6schung (\u201eRecht auf Vergessenwerden\u201c) (Artikel 17 DSGVO)<\/li>\n<li class=\"adsimple-211074346\">Recht auf Einschr\u00e4nkung der Verarbeitung (Artikel 18 DSGVO)<\/li>\n<li class=\"adsimple-211074346\">Recht auf Benachrichtigung \u2013 Mitteilungspflicht im Zusammenhang mit der Berichtigung oder L\u00f6schung personenbezogener Daten oder der Einschr\u00e4nkung der Verarbeitung (Artikel 19 DSGVO)<\/li>\n<li class=\"adsimple-211074346\">Recht auf Daten\u00fcbertragbarkeit (Artikel 20 DSGVO)<\/li>\n<li class=\"adsimple-211074346\">Widerspruchsrecht (Artikel 21 DSGVO)<\/li>\n<li class=\"adsimple-211074346\">Recht, nicht einer ausschlie\u00dflich auf einer automatisierten Verarbeitung \u2014 einschlie\u00dflich Profiling \u2014 beruhenden Entscheidung unterworfen zu werden (Artikel 22 DSGVO)<\/li>\n<\/ul>\n<p>Wenn Sie glauben, dass die Verarbeitung Ihrer Daten gegen das Datenschutzrecht verst\u00f6\u00dft oder Ihre datenschutzrechtlichen Anspr\u00fcche sonst in einer Weise verletzt worden sind, k\u00f6nnen Sie sich bei der Aufsichtsbeh\u00f6rde beschweren, welche in \u00d6sterreich die Datenschutzbeh\u00f6rde ist, deren Webseite Sie unter <a class=\"adsimple-211074346\" href=\"https:\/\/www.dsb.gv.at\/?tid=211074346\" rel=\"nofollow\">https:\/\/www.dsb.gv.at\/<\/a> finden.<\/p>\n<h2 class=\"adsimple-211074346\">Cookies<\/h2>\n<p>Unsere Website verwendet HTTP-Cookies um nutzerspezifische Daten zu speichern.<br \/>\nEin Cookie ist ein kurzes Datenpaket, welches zwischen Webbrowser und Webserver ausgetauscht wird, f\u00fcr diese aber v\u00f6llig bedeutungslos ist und erst f\u00fcr die Webanwendung, z. B. einen Online-Shop, eine Bedeutung erh\u00e4lt, etwa den Inhalt eines virtuellen Warenkorbes.<\/p>\n<p>Es gibt zwei Arten von Cookies: Erstanbieter-Cookies werden von unserer Website erstellt, Drittanbieter-Cookies werden von anderen Websites (z. B. Google Analytics) erstellt.<br \/>\nMan unterscheidet drei Kategorien von Cookies: unbedingt notwendige Cookies um grundlegende Funktionen der Website sicherzustellen, funktionelle Cookies um die Leistung der Webseite sicherzustellen und zielorientierte Cookies um das Benutzererlebnis zu verbessern.<\/p>\n<p>Wir nutzen Cookies, um unsere Webseite nutzerfreundlicher zu gestalten. Einige Cookies bleiben auf Ihrem Endger\u00e4t gespeichert, bis Sie diese l\u00f6schen. Sie erm\u00f6glichen es uns, Ihren Browser beim n\u00e4chsten Besuch wiederzuerkennen.<\/p>\n<h3 class=\"adsimple-211074346\">Cookie Einstellungen sehen und Cookies l\u00f6schen<\/h3>\n<p>Wenn Sie feststellen m\u00f6chten, welche Cookies in Ihrem Browser gespeichert wurden, Cookie-Einstellungen \u00e4ndern oder Cookies l\u00f6schen m\u00f6chten, k\u00f6nnen Sie dies in Ihren Browser-Einstellungen finden:<\/p>\n<ul class=\"adsimple-211074346\">\n<li class=\"adsimple-211074346\"><a class=\"adsimple-211074346\" href=\"https:\/\/support.apple.com\/kb\/ph21411?locale=de_AT\" target=\"_blank\" rel=\"noopener nofollow\">Safari: Verwalten von Cookies und Websitedaten mit Safari<\/a><\/li>\n<li class=\"adsimple-211074346\"><a class=\"adsimple-211074346\" href=\"https:\/\/support.mozilla.org\/de\/kb\/cookies-loeschen-daten-von-websites-entfernen\" target=\"_blank\" rel=\"noopener nofollow\">Firefox: Cookies l\u00f6schen, um Daten zu entfernen, die Websites auf Ihrem Computer abgelegt haben<\/a><\/li>\n<li class=\"adsimple-211074346\"><a class=\"adsimple-211074346\" href=\"https:\/\/support.google.com\/chrome\/answer\/95647?co=GENIE.Platform%3DDesktop&amp;hl=de\" target=\"_blank\" rel=\"noopener nofollow\">Chrome: Cookies in Chrome l\u00f6schen, aktivieren und verwalten<\/a><\/li>\n<li class=\"adsimple-211074346\"><a class=\"adsimple-211074346\" href=\"https:\/\/support.microsoft.com\/de-at\/help\/17442\/windows-internet-explorer-delete-manage-cookies\" target=\"_blank\" rel=\"noopener nofollow\">Internet Explorer: L\u00f6schen und Verwalten von Cookies<\/a><\/li>\n<\/ul>\n<p>Wenn Sie die Speicherung von Daten in Cookies nicht w\u00fcnschen, so k\u00f6nnen Sie Ihren Browser so einrichten, dass er Sie \u00fcber das Setzen von Cookies informiert und Sie dies nur im Einzelfall erlauben.\u00a0Sie k\u00f6nnen jederzeit Cookies, die sich bereits auf Ihrem Computer befinden, l\u00f6schen oder Cookies deaktivieren. Die Vorgangsweise dazu ist nach Browser unterschiedlich, am besten Sie suchen die Anleitung in Google mit dem Suchbegriff \u201cCookies l\u00f6schen Chrome\u201d oder \u201eCookies deaktivieren Chrome\u201c im Falle eines Chrome Browsers oder tauschen das Wort \u201eChrome\u201c gegen den Namen Ihres Browsers, z. B. Edge, Firefox, Safari aus.<br \/>\nWenn Sie uns generell nicht gestatten, Cookies zu nutzen, d.h. diese per Browsereinstellung deaktivieren, k\u00f6nnen manche Funktionen und Seiten nicht wie erwartet funktionieren.<\/p>\n<p>Quelle: Erstellt\u00a0mit dem\u00a0<a title=\"Datenschutz Generator von firmenwebseiten.at\" href=\"https:\/\/www.firmenwebseiten.at\/datenschutz-generator\/\" target=\"_blank\" rel=\"follow noopener\">Datenschutz Generator von firmenwebseiten.at<\/a>\u00a0in Kooperation mit <a class=\"external\" title=\"\" href=\"https:\/\/www.mitmotor.at\" target=\"_blank\" rel=\"follow noopener\">mitmotor.at<\/a><\/p>\n","protected":false},"excerpt":{"rendered":"<p>Datenschutz Wir haben diese Datenschutzerkl\u00e4rung (Fassung 28.09.2018-211074346) verfasst, um Ihnen gem\u00e4\u00df der Vorgaben der Datenschutz-Grundverordnung (EU) 2016\/679 und dem Datenschutzgesetz (DSG) zu erkl\u00e4ren, welche Informationen wir sammeln, wie wir Daten verwenden und welche Entscheidungsm\u00f6glichkeiten Sie als Besucher dieser Webseite haben. Leider liegt es in der Natur der Sache, dass diese Erkl\u00e4rungen sehr technisch klingen, wir haben uns bei der Erstellung jedoch bem\u00fcht die wichtigsten Dinge so einfach und klar wie m\u00f6glich zu beschreiben. Automatische Datenspeicherung &hellip;<\/p>\n","protected":false},"author":1,"featured_media":0,"parent":0,"menu_order":0,"comment_status":"closed","ping_status":"closed","template":"","meta":[],"_links":{"self":[{"href":"http:\/\/pugl-pichler.at\/index.php?rest_route=\/wp\/v2\/pages\/183"}],"collection":[{"href":"http:\/\/pugl-pichler.at\/index.php?rest_route=\/wp\/v2\/pages"}],"about":[{"href":"http:\/\/pugl-pichler.at\/index.php?rest_route=\/wp\/v2\/types\/page"}],"author":[{"embeddable":true,"href":"http:\/\/pugl-pichler.at\/index.php?rest_route=\/wp\/v2\/users\/1"}],"replies":[{"embeddable":true,"href":"http:\/\/pugl-pichler.at\/index.php?rest_route=%2Fwp%2Fv2%2Fcomments&post=183"}],"version-history":[{"count":1,"href":"http:\/\/pugl-pichler.at\/index.php?rest_route=\/wp\/v2\/pages\/183\/revisions"}],"predecessor-version":[{"id":184,"href":"http:\/\/pugl-pichler.at\/index.php?rest_route=\/wp\/v2\/pages\/183\/revisions\/184"}],"wp:attachment":[{"href":"http:\/\/pugl-pichler.at\/index.php?rest_route=%2Fwp%2Fv2%2Fmedia&parent=183"}],"curies":[{"name":"wp","href":"https:\/\/api.w.org\/{rel}","templated":true}]}}